{"id":29,"date":"2026-03-03T10:30:08","date_gmt":"2026-03-03T09:30:08","guid":{"rendered":"https:\/\/zeenas.de\/wordpress\/?page_id=29"},"modified":"2026-04-19T11:58:05","modified_gmt":"2026-04-19T09:58:05","slug":"abkuerzungen","status":"publish","type":"page","link":"https:\/\/zeenas.de\/wordpress\/abkuerzungen\/","title":{"rendered":"Abk\u00fcrzungen"},"content":{"rendered":"\n<p>Abk\u00fcrzungen, die auf diesem Blog verwendet werden:<\/p>\n\n\n\n<figure class=\"wp-block-table\"><table class=\"has-fixed-layout\"><tbody><tr><td>Abk\u00fcrzung<\/td><td>Bedeutung<\/td><\/tr><tr><td>bzw.<\/td><td>beziehungsweise<\/td><\/tr><tr><td>CAL<\/td><td>Wie KAL, nur mit H\u00e4keln<\/td><\/tr><tr><td>etc.<\/td><td>et cetera &#8211; lateinisches Wort f\u00fcr &#8222;\u00fcbriger&#8220;, wird f\u00fcr &#8222;und so weiter&#8220; verwendet.<\/td><\/tr><tr><td>FJKA<\/td><td>Fr\u00fchlingsj\u00e4ckchenknitalong, wobei &#8222;knit along&#8220; ein\u00a0Gemeinschaftsprojekt ist, bei dem viele Menschen gleichzeitig dasselbe Projekt stricken, oft angeleitet durch eine in Teilen ver\u00f6ffentlichte Anleitung. Ziel ist gemeinsames Stricken, Austausch und Motivation. Knit along wird auch oft durch &#8222;KAL&#8220; abgek\u00fcrzt.<\/td><\/tr><tr><td>KAL<\/td><td>Siehe FJKA<\/td><\/tr><tr><td>m.E.<\/td><td>meines Erachtens<\/td><\/tr><tr><td>mP<\/td><td>&#8222;mein Partner&#8220; &#8211; das gibt mir die M\u00f6glichkeit, \u00fcber ihn zu berichten und ihn dennoch weitestgehend anonym zu lassen. <\/td><\/tr><tr><td>\u00d6PNV<\/td><td>\u00d6ffentlicher Personennahverkehr<\/td><\/tr><tr><td>RVO<\/td><td><a href=\"https:\/\/de.wikipedia.org\/wiki\/Raglan%C3%A4rmel\">Raglan<\/a> von oben<\/td><\/tr><tr><td>usw.<\/td><td>und so weiter<\/td><\/tr><tr><td>WIP<\/td><td>&#8222;Work in progress&#8220; &#8211; in diesem Fall handelt es sich um Handarbeiten, die zwar schon begonnen, aber noch nicht abgeschlossen sind.<\/td><\/tr><\/tbody><\/table><\/figure>\n\n\n\n<p><\/p>\n","protected":false},"excerpt":{"rendered":"<p>Abk\u00fcrzungen, die auf diesem Blog verwendet werden: Abk\u00fcrzung Bedeutung bzw. beziehungsweise CAL Wie KAL, nur mit H\u00e4keln etc. et cetera &#8211; lateinisches Wort f\u00fcr &#8222;\u00fcbriger&#8220;, wird f\u00fcr &#8222;und so weiter&#8220; verwendet. FJKA Fr\u00fchlingsj\u00e4ckchenknitalong, wobei &#8222;knit along&#8220; ein\u00a0Gemeinschaftsprojekt ist, bei dem viele Menschen gleichzeitig dasselbe Projekt stricken, oft angeleitet durch eine in Teilen ver\u00f6ffentlichte Anleitung. Ziel [&hellip;]<\/p>\n","protected":false},"author":1,"featured_media":396,"parent":0,"menu_order":0,"comment_status":"closed","ping_status":"closed","template":"","meta":{"footnotes":""},"class_list":["post-29","page","type-page","status-publish","has-post-thumbnail","hentry"],"jetpack_sharing_enabled":true,"_links":{"self":[{"href":"https:\/\/zeenas.de\/wordpress\/wp-json\/wp\/v2\/pages\/29","targetHints":{"allow":["GET"]}}],"collection":[{"href":"https:\/\/zeenas.de\/wordpress\/wp-json\/wp\/v2\/pages"}],"about":[{"href":"https:\/\/zeenas.de\/wordpress\/wp-json\/wp\/v2\/types\/page"}],"author":[{"embeddable":true,"href":"https:\/\/zeenas.de\/wordpress\/wp-json\/wp\/v2\/users\/1"}],"replies":[{"embeddable":true,"href":"https:\/\/zeenas.de\/wordpress\/wp-json\/wp\/v2\/comments?post=29"}],"version-history":[{"count":9,"href":"https:\/\/zeenas.de\/wordpress\/wp-json\/wp\/v2\/pages\/29\/revisions"}],"predecessor-version":[{"id":482,"href":"https:\/\/zeenas.de\/wordpress\/wp-json\/wp\/v2\/pages\/29\/revisions\/482"}],"wp:featuredmedia":[{"embeddable":true,"href":"https:\/\/zeenas.de\/wordpress\/wp-json\/wp\/v2\/media\/396"}],"wp:attachment":[{"href":"https:\/\/zeenas.de\/wordpress\/wp-json\/wp\/v2\/media?parent=29"}],"curies":[{"name":"wp","href":"https:\/\/api.w.org\/{rel}","templated":true}]}}