{"id":37,"date":"2026-03-03T10:38:37","date_gmt":"2026-03-03T09:38:37","guid":{"rendered":"https:\/\/zeenas.de\/wordpress\/?page_id=37"},"modified":"2026-03-31T10:47:31","modified_gmt":"2026-03-31T08:47:31","slug":"uebersicht-wips","status":"publish","type":"page","link":"https:\/\/zeenas.de\/wordpress\/uebersicht-wips\/","title":{"rendered":"\u00dcbersicht WIPs"},"content":{"rendered":"\n<p>WIP bedeutet \u201eWork in progress\u201c \u2013 in diesem Fall handelt es sich um Handarbeiten, die zwar schon begonnen, aber noch nicht abgeschlossen sind.<\/p>\n\n\n\n<figure class=\"wp-block-table\"><table class=\"has-fixed-layout\"><tbody><tr><td><strong><em>Begonnen am<\/em><\/strong><\/td><td><strong><em>Fertigstellung geplant f\u00fcr<\/em><\/strong><\/td><td><strong><em>tats\u00e4ch-lich fertigge-stellt<\/em><\/strong><\/td><td><strong><em>Projekt <\/em><\/strong><\/td><td><strong><em>Blogbeitr\u00e4ge<\/em><\/strong><\/td><\/tr><tr><td>16.04.16<\/td><td>30.11.26<\/td><td><\/td><td><a href=\"https:\/\/www.ravelry.com\/projects\/Zeena1\/sandbank\">Sandbank<\/a><\/td><td><a href=\"https:\/\/zeenas.de\/wordpress\/2026\/03\/02\/2-769\/\">02.03.26<\/a><\/td><\/tr><tr><td>05.08.17<\/td><td>30.11.26<\/td><td><\/td><td><a href=\"https:\/\/www.ravelry.com\/projects\/Zeena1\/zickzack-scarf\">Zick-Zack-Scarf<\/a><\/td><td><a href=\"https:\/\/zeenas.de\/wordpress\/2026\/03\/03\/2-768\/\">03.03.26<\/a><\/td><\/tr><tr><td>23.04.25<\/td><td>30.09.26<\/td><td><\/td><td><a href=\"https:\/\/www.ravelry.com\/projects\/Zeena1\/the-classic\">The Classic<\/a><\/td><td><a href=\"https:\/\/zeenas.de\/wordpress\/2026\/03\/12\/2-759\/\">12.03.26<\/a><\/td><\/tr><\/tbody><\/table><\/figure>\n\n\n\n<p><\/p>\n\n\n\n<p><\/p>\n","protected":false},"excerpt":{"rendered":"<p>WIP bedeutet \u201eWork in progress\u201c \u2013 in diesem Fall handelt es sich um Handarbeiten, die zwar schon begonnen, aber noch nicht abgeschlossen sind. Begonnen am Fertigstellung geplant f\u00fcr tats\u00e4ch-lich fertigge-stellt Projekt Blogbeitr\u00e4ge 16.04.16 30.11.26 Sandbank 02.03.26 05.08.17 30.11.26 Zick-Zack-Scarf 03.03.26 23.04.25 30.09.26 The Classic 12.03.26<\/p>\n","protected":false},"author":1,"featured_media":400,"parent":0,"menu_order":0,"comment_status":"closed","ping_status":"closed","template":"","meta":{"footnotes":""},"class_list":["post-37","page","type-page","status-publish","has-post-thumbnail","hentry"],"jetpack_sharing_enabled":true,"_links":{"self":[{"href":"https:\/\/zeenas.de\/wordpress\/wp-json\/wp\/v2\/pages\/37","targetHints":{"allow":["GET"]}}],"collection":[{"href":"https:\/\/zeenas.de\/wordpress\/wp-json\/wp\/v2\/pages"}],"about":[{"href":"https:\/\/zeenas.de\/wordpress\/wp-json\/wp\/v2\/types\/page"}],"author":[{"embeddable":true,"href":"https:\/\/zeenas.de\/wordpress\/wp-json\/wp\/v2\/users\/1"}],"replies":[{"embeddable":true,"href":"https:\/\/zeenas.de\/wordpress\/wp-json\/wp\/v2\/comments?post=37"}],"version-history":[{"count":8,"href":"https:\/\/zeenas.de\/wordpress\/wp-json\/wp\/v2\/pages\/37\/revisions"}],"predecessor-version":[{"id":168,"href":"https:\/\/zeenas.de\/wordpress\/wp-json\/wp\/v2\/pages\/37\/revisions\/168"}],"wp:featuredmedia":[{"embeddable":true,"href":"https:\/\/zeenas.de\/wordpress\/wp-json\/wp\/v2\/media\/400"}],"wp:attachment":[{"href":"https:\/\/zeenas.de\/wordpress\/wp-json\/wp\/v2\/media?parent=37"}],"curies":[{"name":"wp","href":"https:\/\/api.w.org\/{rel}","templated":true}]}}