{"id":91,"date":"2026-03-25T10:58:35","date_gmt":"2026-03-25T09:58:35","guid":{"rendered":"https:\/\/zeenas.de\/wordpress\/?page_id=91"},"modified":"2026-04-19T12:22:49","modified_gmt":"2026-04-19T10:22:49","slug":"ueber-mich","status":"publish","type":"page","link":"https:\/\/zeenas.de\/wordpress\/ueber-mich\/","title":{"rendered":"\u00dcber mich"},"content":{"rendered":"\n<p>Geboren im Jahr 1966 befinde ich mich in der privilegierten Situation, in einer inspirierenden Partnerschaft frei von Verpflichtungen gegen\u00fcber noch nicht erwachsenen und noch unselbst\u00e4ndigen Kindern mit einem verh\u00e4ltnism\u00e4\u00dfig krisensicherem Arbeitgeber mich meinen Hobbys widmen zu k\u00f6nnen. <\/p>\n\n\n\n<p>Aktuelle Fotos von mir, die hier auf dem Blog ver\u00f6ffentlicht wurden:<\/p>\n\n\n\n<figure class=\"wp-block-gallery has-nested-images columns-default is-cropped wp-block-gallery-1 is-layout-flex wp-block-gallery-is-layout-flex\">\n<figure class=\"wp-block-image size-large\"><a href=\"https:\/\/zeenas.de\/wordpress\/2026\/04\/19\/2-721-fjka2026-startschuss-ideensammlung\/\"><img loading=\"lazy\" decoding=\"async\" width=\"878\" height=\"878\" data-id=\"481\" src=\"https:\/\/zeenas.de\/wordpress\/wp-content\/uploads\/2026\/04\/IMG_20220612_230844_252.jpg\" alt=\"\" class=\"wp-image-481\" srcset=\"https:\/\/zeenas.de\/wordpress\/wp-content\/uploads\/2026\/04\/IMG_20220612_230844_252.jpg 878w, https:\/\/zeenas.de\/wordpress\/wp-content\/uploads\/2026\/04\/IMG_20220612_230844_252-300x300.jpg 300w, https:\/\/zeenas.de\/wordpress\/wp-content\/uploads\/2026\/04\/IMG_20220612_230844_252-150x150.jpg 150w, https:\/\/zeenas.de\/wordpress\/wp-content\/uploads\/2026\/04\/IMG_20220612_230844_252-768x768.jpg 768w\" sizes=\"auto, (max-width: 878px) 100vw, 878px\" \/><\/a><\/figure>\n\n\n\n<figure class=\"wp-block-image size-large\"><a href=\"https:\/\/zeenas.de\/wordpress\/2026\/04\/15\/2-725-wollefest-leipzig-iv\/\"><img loading=\"lazy\" decoding=\"async\" width=\"768\" height=\"1024\" data-id=\"472\" src=\"https:\/\/zeenas.de\/wordpress\/wp-content\/uploads\/2026\/04\/20260328_112732-768x1024.jpg\" alt=\"\" class=\"wp-image-472\" srcset=\"https:\/\/zeenas.de\/wordpress\/wp-content\/uploads\/2026\/04\/20260328_112732-768x1024.jpg 768w, https:\/\/zeenas.de\/wordpress\/wp-content\/uploads\/2026\/04\/20260328_112732-225x300.jpg 225w, https:\/\/zeenas.de\/wordpress\/wp-content\/uploads\/2026\/04\/20260328_112732-1152x1536.jpg 1152w, https:\/\/zeenas.de\/wordpress\/wp-content\/uploads\/2026\/04\/20260328_112732-1536x2048.jpg 1536w, https:\/\/zeenas.de\/wordpress\/wp-content\/uploads\/2026\/04\/20260328_112732-scaled.jpg 1920w\" sizes=\"auto, (max-width: 768px) 100vw, 768px\" \/><\/a><\/figure>\n\n\n\n<figure class=\"wp-block-image size-large\"><a href=\"https:\/\/zeenas.de\/wordpress\/2026\/04\/01\/2-739-me-made-mittwoch\/\"><img loading=\"lazy\" decoding=\"async\" width=\"1024\" height=\"1024\" data-id=\"430\" src=\"https:\/\/zeenas.de\/wordpress\/wp-content\/uploads\/2026\/04\/20260228_12244222854307556678374610-1024x1024.jpg\" alt=\"\" class=\"wp-image-430\" srcset=\"https:\/\/zeenas.de\/wordpress\/wp-content\/uploads\/2026\/04\/20260228_12244222854307556678374610-1024x1024.jpg 1024w, https:\/\/zeenas.de\/wordpress\/wp-content\/uploads\/2026\/04\/20260228_12244222854307556678374610-300x300.jpg 300w, https:\/\/zeenas.de\/wordpress\/wp-content\/uploads\/2026\/04\/20260228_12244222854307556678374610-150x150.jpg 150w, https:\/\/zeenas.de\/wordpress\/wp-content\/uploads\/2026\/04\/20260228_12244222854307556678374610-768x768.jpg 768w, https:\/\/zeenas.de\/wordpress\/wp-content\/uploads\/2026\/04\/20260228_12244222854307556678374610-1536x1536.jpg 1536w, https:\/\/zeenas.de\/wordpress\/wp-content\/uploads\/2026\/04\/20260228_12244222854307556678374610.jpg 2000w\" sizes=\"auto, (max-width: 1024px) 100vw, 1024px\" \/><\/a><\/figure>\n\n\n\n<figure class=\"wp-block-image size-large\"><a href=\"https:\/\/zeenas.de\/wordpress\/2026\/03\/04\/2-767-me-made-mittwoch\/\"><img loading=\"lazy\" decoding=\"async\" width=\"1024\" height=\"1024\" data-id=\"62\" src=\"https:\/\/zeenas.de\/wordpress\/wp-content\/uploads\/2026\/03\/20260228_122442_2__1_-1024x1024.jpg\" alt=\"\" class=\"wp-image-62\" srcset=\"https:\/\/zeenas.de\/wordpress\/wp-content\/uploads\/2026\/03\/20260228_122442_2__1_-1024x1024.jpg 1024w, https:\/\/zeenas.de\/wordpress\/wp-content\/uploads\/2026\/03\/20260228_122442_2__1_-300x300.jpg 300w, https:\/\/zeenas.de\/wordpress\/wp-content\/uploads\/2026\/03\/20260228_122442_2__1_-150x150.jpg 150w, https:\/\/zeenas.de\/wordpress\/wp-content\/uploads\/2026\/03\/20260228_122442_2__1_-768x768.jpg 768w, https:\/\/zeenas.de\/wordpress\/wp-content\/uploads\/2026\/03\/20260228_122442_2__1_-1536x1536.jpg 1536w, https:\/\/zeenas.de\/wordpress\/wp-content\/uploads\/2026\/03\/20260228_122442_2__1_.jpg 1600w\" sizes=\"auto, (max-width: 1024px) 100vw, 1024px\" \/><\/a><\/figure>\n\n\n\n<figure class=\"wp-block-image size-large\"><a href=\"https:\/\/zeenas.de\/wordpress\/2026\/03\/17\/2-754\/\"><img loading=\"lazy\" decoding=\"async\" width=\"640\" height=\"640\" data-id=\"155\" src=\"https:\/\/zeenas.de\/wordpress\/wp-content\/uploads\/2026\/03\/green-wall-empty-room-with-concrete-floor_1__medium2.jpg\" alt=\"\" class=\"wp-image-155\" srcset=\"https:\/\/zeenas.de\/wordpress\/wp-content\/uploads\/2026\/03\/green-wall-empty-room-with-concrete-floor_1__medium2.jpg 640w, https:\/\/zeenas.de\/wordpress\/wp-content\/uploads\/2026\/03\/green-wall-empty-room-with-concrete-floor_1__medium2-300x300.jpg 300w, https:\/\/zeenas.de\/wordpress\/wp-content\/uploads\/2026\/03\/green-wall-empty-room-with-concrete-floor_1__medium2-150x150.jpg 150w\" sizes=\"auto, (max-width: 640px) 100vw, 640px\" \/><\/a><\/figure>\n<\/figure>\n\n\n\n<p>So sehen verschiedene KIs mich mit diesem Prompt:<\/p>\n\n\n\n<blockquote class=\"wp-block-quote is-layout-flow wp-block-quote-is-layout-flow\">\n<p>Create a high-quality, semi-realistic digital illustration based on the photos found on this page. The person depicted should remain clearly recognizable (face shape, skin tone, hairstyle, grey, short hair, with glasses, distinctive features), but should be rendered in a slightly stylized, aesthetic, and modern look. No comic book style, no exaggerated distortions. The character\/scene should depict an administrative professional with hobbies such as knitting, piano, and travel, the sign from https:\/\/zeenas.de\/wordpress\/wp-content\/uploads\/2026\/03\/Zeena_Logo_nur_Kreis-neu-1024&#215;1024.jpg in the background. The mood of the image should be warm, positive, trustworthy, authentic, approachable, and emotional. Details should include natural, soft daylight, a calm, high-quality background, props appropriate to the role, and genuine, believable emotions. The style and quality should be semi-realistic illustration with a photographic look, featuring very high detail, harmonious colors, warm contrasts, and a premium branding style. The composition should focus on the faces, have a shallow depth of field, and feature high-quality portrait composition. Technical quality: ultra-high resolution, cinematic look, sharp focus, premium aesthetic.<\/p>\n<\/blockquote>\n\n\n\n<figure class=\"wp-block-gallery has-nested-images columns-default is-cropped wp-block-gallery-2 is-layout-flex wp-block-gallery-is-layout-flex\">\n<figure class=\"wp-block-image size-large\"><img loading=\"lazy\" decoding=\"async\" width=\"683\" height=\"1024\" data-id=\"315\" src=\"https:\/\/zeenas.de\/wordpress\/wp-content\/uploads\/2026\/03\/38c0f538-09bc-4959-bde2-e400a7900123-1-683x1024.png\" alt=\"\" class=\"wp-image-315\" srcset=\"https:\/\/zeenas.de\/wordpress\/wp-content\/uploads\/2026\/03\/38c0f538-09bc-4959-bde2-e400a7900123-1-683x1024.png 683w, https:\/\/zeenas.de\/wordpress\/wp-content\/uploads\/2026\/03\/38c0f538-09bc-4959-bde2-e400a7900123-1-200x300.png 200w, https:\/\/zeenas.de\/wordpress\/wp-content\/uploads\/2026\/03\/38c0f538-09bc-4959-bde2-e400a7900123-1-768x1152.png 768w, https:\/\/zeenas.de\/wordpress\/wp-content\/uploads\/2026\/03\/38c0f538-09bc-4959-bde2-e400a7900123-1.png 1024w\" sizes=\"auto, (max-width: 683px) 100vw, 683px\" \/><\/figure>\n\n\n\n<figure class=\"wp-block-image size-large\"><img loading=\"lazy\" decoding=\"async\" width=\"1024\" height=\"768\" data-id=\"313\" src=\"https:\/\/zeenas.de\/wordpress\/wp-content\/uploads\/2026\/03\/Download-1-1.png\" alt=\"\" class=\"wp-image-313\" srcset=\"https:\/\/zeenas.de\/wordpress\/wp-content\/uploads\/2026\/03\/Download-1-1.png 1024w, https:\/\/zeenas.de\/wordpress\/wp-content\/uploads\/2026\/03\/Download-1-1-300x225.png 300w, https:\/\/zeenas.de\/wordpress\/wp-content\/uploads\/2026\/03\/Download-1-1-768x576.png 768w\" sizes=\"auto, (max-width: 1024px) 100vw, 1024px\" \/><\/figure>\n\n\n\n<figure class=\"wp-block-image size-large\"><img loading=\"lazy\" decoding=\"async\" width=\"683\" height=\"1024\" data-id=\"314\" src=\"https:\/\/zeenas.de\/wordpress\/wp-content\/uploads\/2026\/03\/Download-683x1024.jpg\" alt=\"\" class=\"wp-image-314\" srcset=\"https:\/\/zeenas.de\/wordpress\/wp-content\/uploads\/2026\/03\/Download-683x1024.jpg 683w, https:\/\/zeenas.de\/wordpress\/wp-content\/uploads\/2026\/03\/Download-200x300.jpg 200w, https:\/\/zeenas.de\/wordpress\/wp-content\/uploads\/2026\/03\/Download-768x1152.jpg 768w, https:\/\/zeenas.de\/wordpress\/wp-content\/uploads\/2026\/03\/Download.jpg 1024w\" sizes=\"auto, (max-width: 683px) 100vw, 683px\" \/><\/figure>\n<\/figure>\n","protected":false},"excerpt":{"rendered":"<p>Geboren im Jahr 1966 befinde ich mich in der privilegierten Situation, in einer inspirierenden Partnerschaft frei von Verpflichtungen gegen\u00fcber noch nicht erwachsenen und noch unselbst\u00e4ndigen Kindern mit einem verh\u00e4ltnism\u00e4\u00dfig krisensicherem Arbeitgeber mich meinen Hobbys widmen zu k\u00f6nnen. Aktuelle Fotos von mir, die hier auf dem Blog ver\u00f6ffentlicht wurden: So sehen verschiedene KIs mich mit diesem [&hellip;]<\/p>\n","protected":false},"author":1,"featured_media":399,"parent":0,"menu_order":0,"comment_status":"closed","ping_status":"closed","template":"","meta":{"footnotes":""},"class_list":["post-91","page","type-page","status-publish","has-post-thumbnail","hentry"],"jetpack_sharing_enabled":true,"_links":{"self":[{"href":"https:\/\/zeenas.de\/wordpress\/wp-json\/wp\/v2\/pages\/91","targetHints":{"allow":["GET"]}}],"collection":[{"href":"https:\/\/zeenas.de\/wordpress\/wp-json\/wp\/v2\/pages"}],"about":[{"href":"https:\/\/zeenas.de\/wordpress\/wp-json\/wp\/v2\/types\/page"}],"author":[{"embeddable":true,"href":"https:\/\/zeenas.de\/wordpress\/wp-json\/wp\/v2\/users\/1"}],"replies":[{"embeddable":true,"href":"https:\/\/zeenas.de\/wordpress\/wp-json\/wp\/v2\/comments?post=91"}],"version-history":[{"count":6,"href":"https:\/\/zeenas.de\/wordpress\/wp-json\/wp\/v2\/pages\/91\/revisions"}],"predecessor-version":[{"id":497,"href":"https:\/\/zeenas.de\/wordpress\/wp-json\/wp\/v2\/pages\/91\/revisions\/497"}],"wp:featuredmedia":[{"embeddable":true,"href":"https:\/\/zeenas.de\/wordpress\/wp-json\/wp\/v2\/media\/399"}],"wp:attachment":[{"href":"https:\/\/zeenas.de\/wordpress\/wp-json\/wp\/v2\/media?parent=91"}],"curies":[{"name":"wp","href":"https:\/\/api.w.org\/{rel}","templated":true}]}}